{"id":223,"date":"2024-09-13T15:21:26","date_gmt":"2024-09-13T13:21:26","guid":{"rendered":"https:\/\/houseofbanners.fr\/?page_id=223"},"modified":"2025-01-30T14:10:03","modified_gmt":"2025-01-30T13:10:03","slug":"a-propos","status":"publish","type":"page","link":"https:\/\/houseofbanners.fr\/en\/a-propos\/","title":{"rendered":"ABOUT US"},"content":{"rendered":"<div data-elementor-type=\"wp-page\" data-elementor-id=\"223\" class=\"elementor elementor-223\">\n\t\t\t\t\t\t<section class=\"elementor-section elementor-top-section elementor-element elementor-element-d6e61f9 elementor-section-height-min-height elementor-section-items-bottom elementor-section-boxed elementor-section-height-default wpr-particle-no wpr-jarallax-no wpr-parallax-no\" data-id=\"d6e61f9\" data-element_type=\"section\" data-settings=\"{&quot;background_background&quot;:&quot;classic&quot;,&quot;shape_divider_bottom&quot;:&quot;opacity-tilt&quot;}\">\n\t\t\t\t\t\t\t<div class=\"elementor-background-overlay\"><\/div>\n\t\t\t\t\t\t<div class=\"elementor-shape elementor-shape-bottom\" aria-hidden=\"true\" data-negative=\"false\">\n\t\t\t<svg xmlns=\"http:\/\/www.w3.org\/2000\/svg\" viewbox=\"0 0 2600 131.1\" preserveaspectratio=\"none\">\n\t<path class=\"elementor-shape-fill\" d=\"M0 0L2600 0 2600 69.1 0 0z\"\/>\n\t<path class=\"elementor-shape-fill\" style=\"opacity:0.5\" d=\"M0 0L2600 0 2600 69.1 0 69.1z\"\/>\n\t<path class=\"elementor-shape-fill\" style=\"opacity:0.25\" d=\"M2600 0L0 0 0 130.1 2600 69.1z\"\/>\n<\/svg>\t\t<\/div>\n\t\t\t\t\t<div class=\"elementor-container elementor-column-gap-default\">\n\t\t\t\t\t<div class=\"elementor-column elementor-col-50 elementor-top-column elementor-element elementor-element-f4efd73\" data-id=\"f4efd73\" data-element_type=\"column\">\n\t\t\t<div class=\"elementor-widget-wrap elementor-element-populated\">\n\t\t\t\t\t\t<div class=\"elementor-element elementor-element-754b62a elementor-invisible elementor-widget elementor-widget-heading\" data-id=\"754b62a\" data-element_type=\"widget\" data-settings=\"{&quot;_animation&quot;:&quot;fadeIn&quot;}\" data-widget_type=\"heading.default\">\n\t\t\t\t<div class=\"elementor-widget-container\">\n\t\t\t\t\t<h2 class=\"elementor-heading-title elementor-size-default\">ABOUT US<\/h2>\t\t\t\t<\/div>\n\t\t\t\t<\/div>\n\t\t\t\t<div class=\"elementor-element elementor-element-79b2d5f elementor-widget elementor-widget-heading\" data-id=\"79b2d5f\" data-element_type=\"widget\" data-widget_type=\"heading.default\">\n\t\t\t\t<div class=\"elementor-widget-container\">\n\t\t\t\t\t<h2 class=\"elementor-heading-title elementor-size-default\">A project inspired by the Holy Ghost<\/h2>\t\t\t\t<\/div>\n\t\t\t\t<\/div>\n\t\t\t\t\t<\/div>\n\t\t<\/div>\n\t\t\t\t<div class=\"elementor-column elementor-col-50 elementor-top-column elementor-element elementor-element-80b83f1\" data-id=\"80b83f1\" data-element_type=\"column\">\n\t\t\t<div class=\"elementor-widget-wrap\">\n\t\t\t\t\t\t\t<\/div>\n\t\t<\/div>\n\t\t\t\t\t<\/div>\n\t\t<\/section>\n\t\t\t\t<section class=\"elementor-section elementor-top-section elementor-element elementor-element-fab461e elementor-reverse-tablet elementor-reverse-mobile elementor-section-boxed elementor-section-height-default elementor-section-height-default wpr-particle-no wpr-jarallax-no wpr-parallax-no wpr-sticky-section-no\" data-id=\"fab461e\" data-element_type=\"section\">\n\t\t\t\t\t\t<div class=\"elementor-container elementor-column-gap-default\">\n\t\t\t\t\t<div class=\"elementor-column elementor-col-50 elementor-top-column elementor-element elementor-element-eeaabef elementor-invisible\" data-id=\"eeaabef\" data-element_type=\"column\" data-settings=\"{&quot;animation&quot;:&quot;slideInLeft&quot;}\">\n\t\t\t<div class=\"elementor-widget-wrap elementor-element-populated\">\n\t\t\t\t\t\t<div class=\"elementor-element elementor-element-4d728cb elementor-widget__width-initial elementor-widget elementor-widget-heading\" data-id=\"4d728cb\" data-element_type=\"widget\" data-widget_type=\"heading.default\">\n\t\t\t\t<div class=\"elementor-widget-container\">\n\t\t\t\t\t<h2 class=\"elementor-heading-title elementor-size-default\">It all begins with a passionate servant<\/h2>\t\t\t\t<\/div>\n\t\t\t\t<\/div>\n\t\t\t\t<div class=\"elementor-element elementor-element-5f1ab9f elementor-widget elementor-widget-heading\" data-id=\"5f1ab9f\" data-element_type=\"widget\" data-widget_type=\"heading.default\">\n\t\t\t\t<div class=\"elementor-widget-container\">\n\t\t\t\t\t<h2 class=\"elementor-heading-title elementor-size-default\">Nathan<\/h2>\t\t\t\t<\/div>\n\t\t\t\t<\/div>\n\t\t\t\t<div class=\"elementor-element elementor-element-406bb2a elementor-widget elementor-widget-text-editor\" data-id=\"406bb2a\" data-element_type=\"widget\" data-widget_type=\"text-editor.default\">\n\t\t\t\t<div class=\"elementor-widget-container\">\n\t\t\t\t\t\t\t\t\t<p>\u00a0\u201cAt the age of 8, during a major event, a deep passion for the use of banners was born in me, and little did I know that it would change my life to such an extent.&nbsp;<\/p>\n<p>This moment was the starting point of an incredible adventure, where I discovered a unique gift for prophesying through the banners motion.&nbsp;<\/p>\n<p>This gesture, intuitive at first, quickly turned into a powerful means of expression in worship, during ministries in the local and international churches I came into contact through my parents' missionary work.<\/p>\n<p>Over the years, my understanding of spiritual warfare has deepened. I became aware of the angelic dimension of banners, veritable instruments of spiritual warfare. Little by little, these gestures of praise became real weapons in battles on the invisible plane.<\/p>\n<p>Ma recherche de partenaires qui comprenaient la signification profonde de ce minist\u00e8re m\u2019a men\u00e9 \u00e0 collaborer avec des minist\u00e8res internationaux sp\u00e9cialis\u00e9s dans la danse, le mouvement et les banni\u00e8res. Cependant, j\u2019ai eu l\u2019intime conviction qu\u2019une grande partie de ce que Dieu m\u2019avait r\u00e9v\u00e9l\u00e9 restait encore tr\u00e8s largement inexplor\u00e9e&#8230;&nbsp;<\/p>\n<p>In January 2020, I began transmitting on banners. I was called to teach not only on the spiritual impact of banners, but also on their crucial role for unity in worship and intercession, both on a personal level and for nations.<\/p>\n<p>After receiving prophetic confirmations from figures such as Prophet Cindy Jacobs, Prophet Joel Francis Tatu, Apostle Roberts and Apostle Sylvie Brahy, I founded the \u201cHouse of Banners\u201d ministry. My goal is clear: to train and rise an army of banners around the world, in order to take worship and spiritual warfare to another level in the Church.\u201d<\/p>\t\t\t\t\t\t\t\t<\/div>\n\t\t\t\t<\/div>\n\t\t\t\t\t<\/div>\n\t\t<\/div>\n\t\t\t\t<div class=\"elementor-column elementor-col-50 elementor-top-column elementor-element elementor-element-a6b4b09 elementor-invisible\" data-id=\"a6b4b09\" data-element_type=\"column\" data-settings=\"{&quot;animation&quot;:&quot;slideInRight&quot;,&quot;animation_delay&quot;:100}\">\n\t\t\t<div class=\"elementor-widget-wrap elementor-element-populated\">\n\t\t\t\t\t\t<div class=\"elementor-element elementor-element-b529731 elementor-widget elementor-widget-image\" data-id=\"b529731\" data-element_type=\"widget\" data-widget_type=\"image.default\">\n\t\t\t\t<div class=\"elementor-widget-container\">\n\t\t\t\t\t\t\t\t\t\t\t\t\t\t\t<img fetchpriority=\"high\" decoding=\"async\" width=\"768\" height=\"1024\" src=\"https:\/\/houseofbanners.fr\/wp-content\/uploads\/2024\/07\/P1130498-768x1024.jpg\" class=\"attachment-large size-large wp-image-45\" alt=\"\" srcset=\"\" sizes=\"(max-width: 768px) 100vw, 768px\" data-srcset=\"\" \/>\t\t\t\t\t\t\t\t\t\t\t\t\t\t\t<\/div>\n\t\t\t\t<\/div>\n\t\t\t\t\t<\/div>\n\t\t<\/div>\n\t\t\t\t\t<\/div>\n\t\t<\/section>\n\t\t\t\t<section class=\"elementor-section elementor-top-section elementor-element elementor-element-4d598ba elementor-section-boxed elementor-section-height-default elementor-section-height-default wpr-particle-no wpr-jarallax-no wpr-parallax-no wpr-sticky-section-no\" data-id=\"4d598ba\" data-element_type=\"section\" data-settings=\"{&quot;background_background&quot;:&quot;classic&quot;,&quot;shape_divider_bottom&quot;:&quot;opacity-tilt&quot;}\">\n\t\t\t\t\t\t\t<div class=\"elementor-background-overlay\"><\/div>\n\t\t\t\t\t\t<div class=\"elementor-shape elementor-shape-bottom\" aria-hidden=\"true\" data-negative=\"false\">\n\t\t\t<svg xmlns=\"http:\/\/www.w3.org\/2000\/svg\" viewbox=\"0 0 2600 131.1\" preserveaspectratio=\"none\">\n\t<path class=\"elementor-shape-fill\" d=\"M0 0L2600 0 2600 69.1 0 0z\"\/>\n\t<path class=\"elementor-shape-fill\" style=\"opacity:0.5\" d=\"M0 0L2600 0 2600 69.1 0 69.1z\"\/>\n\t<path class=\"elementor-shape-fill\" style=\"opacity:0.25\" d=\"M2600 0L0 0 0 130.1 2600 69.1z\"\/>\n<\/svg>\t\t<\/div>\n\t\t\t\t\t<div class=\"elementor-container elementor-column-gap-default\">\n\t\t\t\t\t<div class=\"elementor-column elementor-col-100 elementor-top-column elementor-element elementor-element-fbc4fd9\" data-id=\"fbc4fd9\" data-element_type=\"column\">\n\t\t\t<div class=\"elementor-widget-wrap elementor-element-populated\">\n\t\t\t\t\t\t<div class=\"elementor-element elementor-element-50aa7dc elementor-widget elementor-widget-heading\" data-id=\"50aa7dc\" data-element_type=\"widget\" data-widget_type=\"heading.default\">\n\t\t\t\t<div class=\"elementor-widget-container\">\n\t\t\t\t\t<h2 class=\"elementor-heading-title elementor-size-default\">A prophetic vision to serve the church<\/h2>\t\t\t\t<\/div>\n\t\t\t\t<\/div>\n\t\t\t\t<div class=\"elementor-element elementor-element-cf71f0c elementor-widget elementor-widget-heading\" data-id=\"cf71f0c\" data-element_type=\"widget\" data-widget_type=\"heading.default\">\n\t\t\t\t<div class=\"elementor-widget-container\">\n\t\t\t\t\t<h2 class=\"elementor-heading-title elementor-size-default\">House of Banners Ministry<\/h2>\t\t\t\t<\/div>\n\t\t\t\t<\/div>\n\t\t\t\t<div class=\"elementor-element elementor-element-6b59bfe elementor-widget elementor-widget-text-editor\" data-id=\"6b59bfe\" data-element_type=\"widget\" data-widget_type=\"text-editor.default\">\n\t\t\t\t<div class=\"elementor-widget-container\">\n\t\t\t\t\t\t\t\t\tHouse of Banners is more than an art project. It's a ministry born of the conviction that banners are powerful weapons of worship and spiritual warfare. Through its services and training, Nathan aims to equip believers to enter into deeper worship and stand firm in spiritual warfare. The ministry also offers trainings, dedicated to passing on this prophetic vision to generations to come.\t\t\t\t\t\t\t\t<\/div>\n\t\t\t\t<\/div>\n\t\t\t\t\t<\/div>\n\t\t<\/div>\n\t\t\t\t\t<\/div>\n\t\t<\/section>\n\t\t\t\t<section class=\"elementor-section elementor-top-section elementor-element elementor-element-420e9da elementor-section-boxed elementor-section-height-default elementor-section-height-default wpr-particle-no wpr-jarallax-no wpr-parallax-no wpr-sticky-section-no\" data-id=\"420e9da\" data-element_type=\"section\">\n\t\t\t\t\t\t<div class=\"elementor-container elementor-column-gap-default\">\n\t\t\t\t\t<div class=\"elementor-column elementor-col-50 elementor-top-column elementor-element elementor-element-cf3dc22 elementor-invisible\" data-id=\"cf3dc22\" data-element_type=\"column\" data-settings=\"{&quot;animation&quot;:&quot;slideInLeft&quot;}\">\n\t\t\t<div class=\"elementor-widget-wrap elementor-element-populated\">\n\t\t\t\t\t\t<div class=\"elementor-element elementor-element-6f91cdc elementor-widget elementor-widget-heading\" data-id=\"6f91cdc\" data-element_type=\"widget\" data-widget_type=\"heading.default\">\n\t\t\t\t<div class=\"elementor-widget-container\">\n\t\t\t\t\t<h2 class=\"elementor-heading-title elementor-size-default\">A prophecy to open the way<\/h2>\t\t\t\t<\/div>\n\t\t\t\t<\/div>\n\t\t\t\t<div class=\"elementor-element elementor-element-b107922 elementor-widget elementor-widget-heading\" data-id=\"b107922\" data-element_type=\"widget\" data-widget_type=\"heading.default\">\n\t\t\t\t<div class=\"elementor-widget-container\">\n\t\t\t\t\t<h2 class=\"elementor-heading-title elementor-size-default\">Prophecy and vision<\/h2>\t\t\t\t<\/div>\n\t\t\t\t<\/div>\n\t\t\t\t<div class=\"elementor-element elementor-element-249c3bf elementor-widget elementor-widget-text-editor\" data-id=\"249c3bf\" data-element_type=\"widget\" data-widget_type=\"text-editor.default\">\n\t\t\t\t<div class=\"elementor-widget-container\">\n\t\t\t\t\t\t\t\t\tNathan's ministry has been profoundly shaped by prophetic words received over the years. These words have guided his steps and continue to shape the mission of House of Banners. Through every performance and every banner created, he aspires to manifest God's glory and see hearts transformed by the power of the Holy Ghost.\t\t\t\t\t\t\t\t<\/div>\n\t\t\t\t<\/div>\n\t\t\t\t<div class=\"elementor-element elementor-element-b010098 wpr-button-icon-style-inline wpr-button-icon-position-right elementor-invisible elementor-widget elementor-widget-wpr-button\" data-id=\"b010098\" data-element_type=\"widget\" data-settings=\"{&quot;_animation&quot;:&quot;fadeIn&quot;,&quot;_animation_delay&quot;:200}\" data-widget_type=\"wpr-button.default\">\n\t\t\t\t<div class=\"elementor-widget-container\">\n\t\t\t\t\t\t\n\t\t\t\n\t\t\n\t\t<div class=\"wpr-button-wrap elementor-clearfix\">\n\t\t<a class=\"wpr-button wpr-button-effect wpr-button-none\" data-text=\"\" href=\"https:\/\/houseofbanners.fr\/en\/contact\/\">\n\t\t\t\n\t\t\t<span class=\"wpr-button-content\">\n\t\t\t\t\t\t\t\t\t<span class=\"wpr-button-text\">Contact us<\/span>\n\t\t\t\t\t\t\t\t\n\t\t\t\t\t\t\t<\/span>\n\t\t<\/a>\n\n\t\t\t\t<\/div>\n\t\n\t\n\t\t\t\t\t<\/div>\n\t\t\t\t<\/div>\n\t\t\t\t\t<\/div>\n\t\t<\/div>\n\t\t\t\t<div class=\"elementor-column elementor-col-50 elementor-top-column elementor-element elementor-element-bf89546 elementor-invisible\" data-id=\"bf89546\" data-element_type=\"column\" data-settings=\"{&quot;animation&quot;:&quot;slideInRight&quot;,&quot;animation_delay&quot;:100}\">\n\t\t\t<div class=\"elementor-widget-wrap elementor-element-populated\">\n\t\t\t\t\t\t<div class=\"elementor-element elementor-element-d0619b8 elementor-widget elementor-widget-image\" data-id=\"d0619b8\" data-element_type=\"widget\" data-widget_type=\"image.default\">\n\t\t\t\t<div class=\"elementor-widget-container\">\n\t\t\t\t\t\t\t\t\t\t\t\t\t\t\t<img decoding=\"async\" width=\"768\" height=\"1024\" src=\"https:\/\/houseofbanners.fr\/wp-content\/uploads\/2024\/12\/P1130523-768x1024.jpg\" class=\"attachment-large size-large wp-image-278\" alt=\"\" srcset=\"\" sizes=\"(max-width: 768px) 100vw, 768px\" data-srcset=\"\" \/>\t\t\t\t\t\t\t\t\t\t\t\t\t\t\t<\/div>\n\t\t\t\t<\/div>\n\t\t\t\t\t<\/div>\n\t\t<\/div>\n\t\t\t\t\t<\/div>\n\t\t<\/section>\n\t\t\t\t<\/div>","protected":false},"excerpt":{"rendered":"<p>\u00c0 PROPOS Un projet inspir\u00e9 du saint esprit Tout commence par Un Serviteur Passionn\u00e9 Nathan \u00a0\u00bb D\u00e8s l\u2019\u00e2ge de 8 ans, lors d\u2019un \u00e9v\u00e9nement marquant, une passion profonde pour l\u2019utilisation des banni\u00e8res est n\u00e9e en moi et j\u2019ignorais encore qu\u2019elle changerait \u00e0 ce point ma vie.&nbsp; Ce moment a \u00e9t\u00e9 le point de d\u00e9part d\u2019une aventure incroyable, o\u00f9 j\u2019ai d\u00e9couvert un don unique pour proph\u00e9tiser \u00e0 travers le mouvement des banni\u00e8res.&nbsp; Ce geste, d\u2019abord intuitif, s\u2019est rapidement transform\u00e9 en un moyen puissant d\u2019expression dans le cadre de l\u2019adoration, lors de ministrations dans les \u00e9glises locales et internationales que je c\u00f4toyais gr\u00e2ce aux \u0153uvres missionnaires de mes parents. Au fil des ann\u00e9es, ma compr\u00e9hension du combat spirituel s\u2019est approfondie. J\u2019ai pris conscience de la dimension ang\u00e9lique des banni\u00e8res, v\u00e9ritables instruments de guerre spirituelle. Ces gestes de louange se sont peu \u00e0 peu impos\u00e9s comme de v\u00e9ritables armes dans les batailles sur le plan invisible. Ma recherche de partenaires qui comprenaient la signification profonde de ce minist\u00e8re m\u2019a men\u00e9 \u00e0 collaborer avec des minist\u00e8res internationaux sp\u00e9cialis\u00e9s dans la danse, le mouvement et les banni\u00e8res. Cependant, j\u2019ai eu l\u2019intime conviction qu\u2019une grande partie de ce que Dieu m\u2019avait r\u00e9v\u00e9l\u00e9 restait encore tr\u00e8s largement inexplor\u00e9e&#8230;&nbsp; En janvier 2020, j\u2019ai commenc\u00e9 \u00e0 transmettre sur les banni\u00e8res. J\u2019ai \u00e9t\u00e9 appel\u00e9 \u00e0 enseigner non seulement sur l\u2019impact spirituel des banni\u00e8res, mais aussi sur leur r\u00f4le crucial pour l\u2019unit\u00e9 dans l\u2019adoration et l\u2019intercession, tant au niveau personnel que pour les Nations. Apr\u00e8s avoir re\u00e7u des confirmations proph\u00e9tiques de figures telles que la proph\u00e8te Cindy Jacobs, le proph\u00e8te Jo\u00ebl Francis Tatu, l\u2019ap\u00f4tre Roberts et l\u2019ap\u00f4tre Sylvie Brahy, j\u2019ai fond\u00e9 le minist\u00e8re \u201cHouse of Banners\u201d. Mon objectif est clair : former et fonder une arm\u00e9e de banni\u00e8ristes \u00e0 travers le monde, afin de porter l\u2019adoration et la guerre spirituelle \u00e0 un autre niveau dans l\u2019\u00c9glise.\u00a0\u00bb Une Vision Proph\u00e9tique au Service de l&rsquo;\u00c9glise\u200b Le Minist\u00e8re House of Banners\u200b House of Banners est bien plus qu\u2019un simple projet artistique. C\u2019est un minist\u00e8re n\u00e9 de la conviction que les banni\u00e8res sont des armes puissantes de louange et de guerre spirituelle. \u00c0 travers ses prestations et ses formations, Nathan vise \u00e0 \u00e9quiper les croyants pour qu&rsquo;ils puissent entrer dans une adoration plus profonde et se tenir fermes dans les combats spirituels. Le minist\u00e8re propose \u00e9galement une \u00e9cole de formation, d\u00e9di\u00e9e \u00e0 transmettre cette vision proph\u00e9tique aux g\u00e9n\u00e9rations \u00e0 venir. Une Proph\u00e9tie qui Guide le Chemin Proph\u00e9tie et Vision\u200b Le minist\u00e8re de Nathan a \u00e9t\u00e9 profond\u00e9ment marqu\u00e9 par des paroles proph\u00e9tiques re\u00e7ues au fil des ann\u00e9es. Ces paroles ont guid\u00e9 ses pas et continuent de fa\u00e7onner la mission de House of Banners. \u00c0 travers chaque prestation et chaque banni\u00e8re cr\u00e9\u00e9e, il aspire \u00e0 manifester la gloire de Dieu et \u00e0 voir les c\u0153urs transform\u00e9s par la puissance de l\u2019Esprit Saint. Nous contacter<\/p>","protected":false},"author":2,"featured_media":0,"parent":0,"menu_order":0,"comment_status":"closed","ping_status":"closed","template":"","meta":{"footnotes":""},"class_list":["post-223","page","type-page","status-publish","hentry"],"_links":{"self":[{"href":"https:\/\/houseofbanners.fr\/en\/wp-json\/wp\/v2\/pages\/223","targetHints":{"allow":["GET"]}}],"collection":[{"href":"https:\/\/houseofbanners.fr\/en\/wp-json\/wp\/v2\/pages"}],"about":[{"href":"https:\/\/houseofbanners.fr\/en\/wp-json\/wp\/v2\/types\/page"}],"author":[{"embeddable":true,"href":"https:\/\/houseofbanners.fr\/en\/wp-json\/wp\/v2\/users\/2"}],"replies":[{"embeddable":true,"href":"https:\/\/houseofbanners.fr\/en\/wp-json\/wp\/v2\/comments?post=223"}],"version-history":[{"count":0,"href":"https:\/\/houseofbanners.fr\/en\/wp-json\/wp\/v2\/pages\/223\/revisions"}],"wp:attachment":[{"href":"https:\/\/houseofbanners.fr\/en\/wp-json\/wp\/v2\/media?parent=223"}],"curies":[{"name":"wp","href":"https:\/\/api.w.org\/{rel}","templated":true}]}}